{"id":881,"date":"2023-04-03T09:36:57","date_gmt":"2023-04-03T09:36:57","guid":{"rendered":"https:\/\/www.lyreco-solutions.fr\/?page_id=881"},"modified":"2025-08-26T08:32:11","modified_gmt":"2025-08-26T08:32:11","slug":"vous-souhaitez-renouveler-votre-parc-informatique","status":"publish","type":"page","link":"https:\/\/www.lyreco-solutions.fr\/bras\/solutions\/vous-souhaitez-renouveler-votre-parc-informatique\/","title":{"rendered":"Vous souhaitez renouveler votre parc informatique"},"content":{"rendered":"<smartfire-component name='home-hero' attributes=\"{&quot;image&quot;:{&quot;id&quot;:775,&quot;title&quot;:&quot;8614201_Tallo_Modular_3FMS_LS (2) (1)&quot;,&quot;filename&quot;:&quot;8614201_Tallo_Modular_3FMS_LS-2-1.jpg&quot;,&quot;url&quot;:&quot;https:\\\/\\\/www.lyreco-solutions.fr\\\/bras\\\/wp-content\\\/uploads\\\/2023\\\/02\\\/8614201_Tallo_Modular_3FMS_LS-2-1.jpg&quot;,&quot;link&quot;:&quot;https:\\\/\\\/www.lyreco-solutions.fr\\\/bras\\\/solutions\\\/8614201_tallo_modular_3fms_ls-2-1\\\/&quot;,&quot;alt&quot;:&quot;&quot;,&quot;author&quot;:&quot;10&quot;,&quot;description&quot;:&quot;&quot;,&quot;caption&quot;:&quot;&quot;,&quot;name&quot;:&quot;8614201_tallo_modular_3fms_ls-2-1&quot;,&quot;status&quot;:&quot;inherit&quot;,&quot;uploadedTo&quot;:105,&quot;date&quot;:&quot;2023-02-02T13:35:40.000Z&quot;,&quot;modified&quot;:&quot;2023-02-02T13:35:40.000Z&quot;,&quot;menuOrder&quot;:0,&quot;mime&quot;:&quot;image\\\/jpeg&quot;,&quot;type&quot;:&quot;image&quot;,&quot;subtype&quot;:&quot;jpeg&quot;,&quot;icon&quot;:&quot;https:\\\/\\\/www.lyreco-solutions.fr\\\/bras\\\/wp-includes\\\/images\\\/media\\\/default.png&quot;,&quot;dateFormatted&quot;:&quot;2 f\\u00e9vrier 2023&quot;,&quot;nonces&quot;:{&quot;update&quot;:&quot;8b32191c7a&quot;,&quot;delete&quot;:&quot;e9a3286c04&quot;,&quot;edit&quot;:&quot;3b68520ec5&quot;},&quot;editLink&quot;:&quot;https:\\\/\\\/www.lyreco-solutions.fr\\\/bras\\\/wp-admin\\\/post.php?post=775&amp;action=edit&amp;lang=fr&quot;,&quot;meta&quot;:false,&quot;authorName&quot;:&quot;nbelkacemi&quot;,&quot;authorLink&quot;:&quot;https:\\\/\\\/www.lyreco-solutions.fr\\\/bras\\\/wp-admin\\\/user-edit.php?user_id=10&quot;,&quot;uploadedToTitle&quot;:&quot;Solutions&quot;,&quot;uploadedToLink&quot;:&quot;https:\\\/\\\/www.lyreco-solutions.fr\\\/bras\\\/wp-admin\\\/post.php?post=105&amp;action=edit&amp;lang=fr&quot;,&quot;filesizeInBytes&quot;:292010,&quot;filesizeHumanReadable&quot;:&quot;285 Ko&quot;,&quot;context&quot;:&quot;&quot;,&quot;height&quot;:1242,&quot;width&quot;:1920,&quot;orientation&quot;:&quot;landscape&quot;,&quot;sizes&quot;:{&quot;full&quot;:{&quot;url&quot;:&quot;https:\\\/\\\/www.lyreco-solutions.fr\\\/bras\\\/wp-content\\\/uploads\\\/2023\\\/02\\\/8614201_Tallo_Modular_3FMS_LS-2-1.jpg&quot;,&quot;height&quot;:1242,&quot;width&quot;:1920,&quot;orientation&quot;:&quot;landscape&quot;}},&quot;compat&quot;:{&quot;item&quot;:&quot;&quot;,&quot;meta&quot;:&quot;&quot;},&quot;acf_errors&quot;:false},&quot;title&quot;:{&quot;headingLevel&quot;:1,&quot;content&quot;:&quot;\\u00c9quipez efficacement vos utilisateurs gr\\u00e2ce \\u00e0 une solution tout en 1.&quot;},&quot;description&quot;:&quot;Trouvez les bras d&#039;\\u00e9cran adapt\\u00e9s \\u00e0 tous vos \\u00e9quipements informatiques et configurations de postes.&quot;,&quot;margin&quot;:-85,&quot;darkened&quot;:true}\"><\/smartfire-component>\n\n<smartfire-component name='configurateur' attributes=\"{&quot;title&quot;:{&quot;headingLevel&quot;:2,&quot;content&quot;:&quot;Choisir son \\u00e9quipement en&lt;br&gt;bras d\\u2019\\u00e9cran rapidement.&quot;},&quot;description&quot;:{&quot;headingLevel&quot;:6,&quot;content&quot;:&quot;Obtenez une recommandation produit adapt\\u00e9e \\u00e0 vos besoins en 5 minutes.&quot;},&quot;questions&quot;:[{&quot;title&quot;:&quot;Question 0 &amp;#8211; Masqu\\u00e9e&quot;,&quot;type&quot;:&quot;Choix multiples&quot;,&quot;reponses&quot;:[{&quot;response&quot;:&quot;Vous d\\u00e9m\\u00e9nagez votre espace de travail ? &quot;,&quot;palier&quot;:&quot;&quot;,&quot;points&quot;:false},{&quot;response&quot;:&quot;Vous renouvelez votre parc informatique ? &quot;,&quot;palier&quot;:&quot;&quot;,&quot;points&quot;:false},{&quot;response&quot;:&quot;Vous souhaitez optimiser l&#039;am\\u00e9nagement de vos bureaux ? &quot;,&quot;palier&quot;:&quot;&quot;,&quot;points&quot;:false}],&quot;placeholder&quot;:&quot;&quot;},{&quot;title&quot;:&quot;Combien d&amp;rsquo;\\u00e9crans souhaitez-vous utiliser ?&quot;,&quot;type&quot;:&quot;Nombre&quot;,&quot;reponses&quot;:[{&quot;response&quot;:&quot;1&quot;,&quot;palier&quot;:&quot;1&quot;,&quot;points&quot;:[{&quot;cat&quot;:24,&quot;value&quot;:&quot;1&quot;},{&quot;cat&quot;:27,&quot;value&quot;:&quot;1&quot;},{&quot;cat&quot;:26,&quot;value&quot;:&quot;1&quot;},{&quot;cat&quot;:25,&quot;value&quot;:&quot;1&quot;},{&quot;cat&quot;:18,&quot;value&quot;:&quot;1&quot;},{&quot;cat&quot;:23,&quot;value&quot;:&quot;1&quot;},{&quot;cat&quot;:22,&quot;value&quot;:&quot;1&quot;},{&quot;cat&quot;:17,&quot;value&quot;:&quot;1&quot;}]},{&quot;response&quot;:&quot;2&quot;,&quot;palier&quot;:&quot;2&quot;,&quot;points&quot;:[{&quot;cat&quot;:32,&quot;value&quot;:&quot;1&quot;},{&quot;cat&quot;:35,&quot;value&quot;:&quot;1&quot;},{&quot;cat&quot;:34,&quot;value&quot;:&quot;1&quot;},{&quot;cat&quot;:33,&quot;value&quot;:&quot;1&quot;},{&quot;cat&quot;:28,&quot;value&quot;:&quot;1&quot;},{&quot;cat&quot;:31,&quot;value&quot;:&quot;1&quot;},{&quot;cat&quot;:30,&quot;value&quot;:&quot;1&quot;},{&quot;cat&quot;:29,&quot;value&quot;:&quot;1&quot;}]},{&quot;response&quot;:&quot;3&quot;,&quot;palier&quot;:&quot;3&quot;,&quot;points&quot;:[{&quot;cat&quot;:36,&quot;value&quot;:&quot;100&quot;}]}],&quot;placeholder&quot;:&quot;&quot;},{&quot;title&quot;:&quot;Utilisez-vous un ordinateur portable ?&quot;,&quot;type&quot;:&quot;Choix multiples&quot;,&quot;reponses&quot;:[{&quot;response&quot;:&quot;Oui&quot;,&quot;palier&quot;:&quot;1&quot;,&quot;points&quot;:[{&quot;cat&quot;:18,&quot;value&quot;:&quot;1&quot;},{&quot;cat&quot;:23,&quot;value&quot;:&quot;1&quot;},{&quot;cat&quot;:22,&quot;value&quot;:&quot;1&quot;},{&quot;cat&quot;:17,&quot;value&quot;:&quot;1&quot;},{&quot;cat&quot;:28,&quot;value&quot;:&quot;1&quot;},{&quot;cat&quot;:31,&quot;value&quot;:&quot;1&quot;},{&quot;cat&quot;:30,&quot;value&quot;:&quot;1&quot;},{&quot;cat&quot;:29,&quot;value&quot;:&quot;1&quot;}]},{&quot;response&quot;:&quot;Non&quot;,&quot;palier&quot;:&quot;10&quot;,&quot;points&quot;:[{&quot;cat&quot;:24,&quot;value&quot;:&quot;1&quot;},{&quot;cat&quot;:27,&quot;value&quot;:&quot;1&quot;},{&quot;cat&quot;:26,&quot;value&quot;:&quot;1&quot;},{&quot;cat&quot;:25,&quot;value&quot;:&quot;1&quot;},{&quot;cat&quot;:32,&quot;value&quot;:&quot;1&quot;},{&quot;cat&quot;:35,&quot;value&quot;:&quot;1&quot;},{&quot;cat&quot;:34,&quot;value&quot;:&quot;1&quot;},{&quot;cat&quot;:33,&quot;value&quot;:&quot;1&quot;}]}],&quot;placeholder&quot;:&quot;Veuillez choisir une r\\u00e9ponse&quot;},{&quot;title&quot;:&quot;Est-ce que l&amp;rsquo;une des configurations suivantes r\\u00e9pond \\u00e0 votre projet ?&quot;,&quot;type&quot;:&quot;Choix multiples&quot;,&quot;reponses&quot;:[{&quot;response&quot;:&quot;Flex office&quot;,&quot;palier&quot;:&quot;&quot;,&quot;points&quot;:[{&quot;cat&quot;:24,&quot;value&quot;:&quot;1&quot;},{&quot;cat&quot;:18,&quot;value&quot;:&quot;1&quot;},{&quot;cat&quot;:32,&quot;value&quot;:&quot;1&quot;},{&quot;cat&quot;:28,&quot;value&quot;:&quot;1&quot;}]},{&quot;response&quot;:&quot;Travail hybride&quot;,&quot;palier&quot;:&quot;&quot;,&quot;points&quot;:[{&quot;cat&quot;:25,&quot;value&quot;:&quot;1&quot;},{&quot;cat&quot;:17,&quot;value&quot;:&quot;1&quot;},{&quot;cat&quot;:33,&quot;value&quot;:&quot;1&quot;},{&quot;cat&quot;:29,&quot;value&quot;:&quot;1&quot;}]},{&quot;response&quot;:&quot;Poste s\\u00e9dentaire&quot;,&quot;palier&quot;:&quot;&quot;,&quot;points&quot;:[{&quot;cat&quot;:26,&quot;value&quot;:&quot;1&quot;},{&quot;cat&quot;:22,&quot;value&quot;:&quot;1&quot;},{&quot;cat&quot;:34,&quot;value&quot;:&quot;1&quot;},{&quot;cat&quot;:30,&quot;value&quot;:&quot;1&quot;}]},{&quot;response&quot;:&quot;Plusieurs configurations&quot;,&quot;palier&quot;:&quot;&quot;,&quot;points&quot;:[{&quot;cat&quot;:27,&quot;value&quot;:&quot;1&quot;},{&quot;cat&quot;:23,&quot;value&quot;:&quot;1&quot;},{&quot;cat&quot;:35,&quot;value&quot;:&quot;1&quot;},{&quot;cat&quot;:31,&quot;value&quot;:&quot;1&quot;}]}],&quot;placeholder&quot;:&quot;Veuillez choisir une r\\u00e9ponse&quot;}]}\"><\/smartfire-component>\n\n<smartfire-component name='spacer' attributes=\"{&quot;height&quot;:50,&quot;mobileHeight&quot;:30}\"><\/smartfire-component>\n\n<smartfire-component name='content-button'>\n    \n<smartfire-component name='content-button---left'>\n    \n\n<h3 class=\"wp-block-heading has-title-4-font-size\">Je ne connais pas encore mes besoins, je souhaite \u00eatre recontact\u00e9 par un expert.<\/h3>\n\n\n<\/smartfire-component>\n\n<smartfire-component name='content-button---right'>\n    \n<smartfire-component name='button-form' attributes=\"{&quot;openText&quot;:&quot;Contactez-moi&quot;,&quot;align&quot;:&quot;left&quot;}\">\n    \n\n<h3 class=\"wp-block-heading has-text-align-center\">Besoin de conseils sp\u00e9cifiques ? Nous vous recontacterons dans les 48h !<\/h3>\n\n\n\n<p class=\"has-text-align-center has-grey-color has-text-color\">Nous vous recommanderons la solution la plus adapt\u00e9e \u00e0 votre configuration.<\/p>\n\n\n<smartfire-component name='formidable'>\n    \n<div class=\"frm_forms  with_frm_style frm_style_formidable-style\" id=\"frm_form_3_container\" data-token=\"e183b913e53a3bc9137a8de8159afaf7\">\n<form enctype=\"multipart\/form-data\" method=\"post\" class=\"frm-show-form  frm_js_validate  frm_ajax_submit \" id=\"form_home\" data-token=\"e183b913e53a3bc9137a8de8159afaf7\">\n<div class=\"frm_form_fields \">\n<fieldset>\n<legend class=\"frm_screen_reader\">Home<\/legend>\r\n\r\n<div class=\"frm_fields_container\">\n<input type=\"hidden\" name=\"frm_action\" value=\"create\" \/>\n<input type=\"hidden\" name=\"form_id\" value=\"3\" \/>\n<input type=\"hidden\" name=\"frm_hide_fields_3\" id=\"frm_hide_fields_3\" value=\"\" \/>\n<input type=\"hidden\" name=\"form_key\" value=\"home\" \/>\n<input type=\"hidden\" name=\"item_meta[0]\" value=\"\" \/>\n<input type=\"hidden\" id=\"frm_submit_entry_3\" name=\"frm_submit_entry_3\" value=\"08f9552173\" \/><input type=\"hidden\" name=\"_wp_http_referer\" value=\"\/bras\/wp-json\/wp\/v2\/pages\/881\" \/><div id=\"frm_field_12_container\" class=\"frm_form_field form-field  frm_required_field frm_inside_container icon--user\">\r\n\t<label for=\"field_firstname_lastname\" id=\"field_firstname_lastname_label\" class=\"frm_primary_label\">Nom pr\u00e9nom\r\n\t\t<span class=\"frm_required\" aria-hidden=\"true\">*<\/span>\r\n\t<\/label>\r\n\t<input type=\"text\" id=\"field_firstname_lastname\" name=\"item_meta[12]\" value=\"\"  maxlength=\"150\" data-reqmsg=\"Nom pr\u00e9nom requis.\" aria-required=\"true\" data-invmsg=\"Nom pr\u00e9nom invalide.\" aria-invalid=\"false\"  \/>\r\n\t\r\n\t\r\n<\/div>\n<div id=\"frm_field_13_container\" class=\"frm_form_field form-field  frm_inside_container\">\r\n\t<label for=\"field_company\" id=\"field_company_label\" class=\"frm_primary_label\">Entreprise\r\n\t\t<span class=\"frm_required\" aria-hidden=\"true\"><\/span>\r\n\t<\/label>\r\n\t<input type=\"text\" id=\"field_company\" name=\"item_meta[13]\" value=\"\"  data-invmsg=\"Entreprise is invalid\" aria-invalid=\"false\"  \/>\r\n\t\r\n\t\r\n<\/div>\n<div id=\"frm_field_14_container\" class=\"frm_form_field form-field  frm_required_field frm_inside_container\">\r\n\t<label for=\"field_email\" id=\"field_email_label\" class=\"frm_primary_label\">Email\r\n\t\t<span class=\"frm_required\" aria-hidden=\"true\">*<\/span>\r\n\t<\/label>\r\n\t<input type=\"email\" id=\"field_email\" name=\"item_meta[14]\" value=\"\"  data-reqmsg=\"Email ne doit pas \u00eatre vide.\" aria-required=\"true\" data-invmsg=\"Email est invalide.\" aria-invalid=\"false\"  \/>\r\n\t\r\n\t\r\n<\/div>\n<div id=\"frm_field_15_container\" class=\"frm_form_field form-field  frm_required_field frm_inside_container\">\r\n\t<label for=\"field_phone\" id=\"field_phone_label\" class=\"frm_primary_label\">T\u00e9l\u00e9phone\r\n\t\t<span class=\"frm_required\" aria-hidden=\"true\">*<\/span>\r\n\t<\/label>\r\n\t<input type=\"tel\" id=\"field_phone\" name=\"item_meta[15]\" value=\"\"  data-reqmsg=\"T\u00e9l\u00e9phone ne doit pas \u00eatre vide.\" aria-required=\"true\" data-invmsg=\"T\u00e9l\u00e9phone est invalide.\" aria-invalid=\"false\" pattern=\"((\\+\\d{1,3}(-|.| )?\\(?\\d\\)?(-| |.)?\\d{1,5})|(\\(?\\d{2,6}\\)?))(-|.| )?(\\d{3,4})(-|.| )?(\\d{4})(( x| ext)\\d{1,5}){0,1}$\"  \/>\r\n\t\r\n\t\r\n<\/div>\n<div id=\"frm_field_16_container\" class=\"frm_form_field form-field  frm_none_container\">\r\n\t<label for=\"g-recaptcha-response\" id=\"field_ak5xw2_label\" class=\"frm_primary_label\">Captcha\r\n\t\t<span class=\"frm_required\" aria-hidden=\"true\"><\/span>\r\n\t<\/label>\r\n\t<div  id=\"field_ak5xw2\" class=\"frm-g-recaptcha\" data-sitekey=\"6LfvuaIrAAAAAAtGJfJWv_Ty1f1RGrvtSio07u0h\" data-size=\"invisible\" data-theme=\"light\"><\/div>\r\n\t\r\n\t\r\n<\/div>\n<div id=\"frm_field_17_container\" class=\"frm_form_field form-field  frm12 frm_first\">\r\n\t<div class=\"frm_submit frm_flex\">\r\n<button class=\"frm_button_submit\" type=\"submit\"  >Me faire recontacter<\/button>\r\n\r\n\r\n\r\n<\/div>\r\n<\/div>\n\t<input type=\"hidden\" name=\"item_key\" value=\"\" \/>\n\t\t\t<div id=\"frm_field_184_container\">\n\t\t\t<label for=\"field_vz3wj\" >\n\t\t\t\tIf you are human, leave this field blank.\t\t\t<\/label>\n\t\t\t<input  id=\"field_vz3wj\" type=\"text\" class=\"frm_form_field form-field frm_verify\" name=\"item_meta[184]\" value=\"\"  \/>\n\t\t<\/div>\n\t\t<input name=\"frm_state\" type=\"hidden\" value=\"Z\/k9bCCavqKwocVtsrQ68YM8jHFoGtFE2ziLvz7X6dQ=\" \/><\/div>\n<\/fieldset>\n<\/div>\n\n<\/form>\n<\/div>\n\n\n<\/smartfire-component>\n\n<\/smartfire-component>\n\n<\/smartfire-component>\n\n<\/smartfire-component>\n\n<smartfire-component name='spacer' attributes=\"{&quot;height&quot;:50,&quot;mobileHeight&quot;:30}\"><\/smartfire-component>\n\n<smartfire-component name='content-video' attributes=\"{&quot;image&quot;:{&quot;id&quot;:155,&quot;title&quot;:&quot;Background&quot;,&quot;filename&quot;:&quot;Background.png&quot;,&quot;url&quot;:&quot;https:\\\/\\\/www.lyreco-solutions.fr\\\/bras\\\/wp-content\\\/uploads\\\/2023\\\/01\\\/Background.png&quot;,&quot;link&quot;:&quot;https:\\\/\\\/www.lyreco-solutions.fr\\\/bras\\\/solutions\\\/background\\\/&quot;,&quot;alt&quot;:&quot;&quot;,&quot;author&quot;:&quot;5&quot;,&quot;description&quot;:&quot;&quot;,&quot;caption&quot;:&quot;&quot;,&quot;name&quot;:&quot;background&quot;,&quot;status&quot;:&quot;inherit&quot;,&quot;uploadedTo&quot;:105,&quot;date&quot;:&quot;2023-01-04T15:03:08.000Z&quot;,&quot;modified&quot;:&quot;2023-01-04T15:03:08.000Z&quot;,&quot;menuOrder&quot;:0,&quot;mime&quot;:&quot;image\\\/png&quot;,&quot;type&quot;:&quot;image&quot;,&quot;subtype&quot;:&quot;png&quot;,&quot;icon&quot;:&quot;https:\\\/\\\/www.lyreco-solutions.fr\\\/bras\\\/wp-includes\\\/images\\\/media\\\/default.png&quot;,&quot;dateFormatted&quot;:&quot;4 janvier 2023&quot;,&quot;nonces&quot;:{&quot;update&quot;:&quot;590da39207&quot;,&quot;delete&quot;:&quot;0a69de1bc5&quot;,&quot;edit&quot;:&quot;81e92e3127&quot;},&quot;editLink&quot;:&quot;https:\\\/\\\/www.lyreco-solutions.fr\\\/bras\\\/wp-admin\\\/post.php?post=155&amp;action=edit&amp;lang=fr&quot;,&quot;meta&quot;:false,&quot;authorName&quot;:&quot;Arthur Raynal&quot;,&quot;authorLink&quot;:&quot;https:\\\/\\\/www.lyreco-solutions.fr\\\/bras\\\/wp-admin\\\/user-edit.php?user_id=5&quot;,&quot;uploadedToTitle&quot;:&quot;Solutions&quot;,&quot;uploadedToLink&quot;:&quot;https:\\\/\\\/www.lyreco-solutions.fr\\\/bras\\\/wp-admin\\\/post.php?post=105&amp;action=edit&amp;lang=fr&quot;,&quot;filesizeInBytes&quot;:183531,&quot;filesizeHumanReadable&quot;:&quot;179 Ko&quot;,&quot;context&quot;:&quot;&quot;,&quot;height&quot;:436,&quot;width&quot;:558,&quot;orientation&quot;:&quot;landscape&quot;,&quot;sizes&quot;:{&quot;full&quot;:{&quot;url&quot;:&quot;https:\\\/\\\/www.lyreco-solutions.fr\\\/bras\\\/wp-content\\\/uploads\\\/2023\\\/01\\\/Background.png&quot;,&quot;height&quot;:436,&quot;width&quot;:558,&quot;orientation&quot;:&quot;landscape&quot;}},&quot;compat&quot;:{&quot;item&quot;:&quot;&quot;,&quot;meta&quot;:&quot;&quot;},&quot;acf_errors&quot;:false},&quot;icon&quot;:{&quot;uploading&quot;:false,&quot;date&quot;:1672844542000,&quot;filename&quot;:&quot;Vector-3.svg&quot;,&quot;menuOrder&quot;:0,&quot;uploadedTo&quot;:105,&quot;id&quot;:153,&quot;title&quot;:&quot;Vector-3&quot;,&quot;url&quot;:&quot;https:\\\/\\\/staging.470.smartfire.me\\\/wp-content\\\/uploads\\\/2023\\\/01\\\/Vector-3.svg&quot;,&quot;link&quot;:&quot;https:\\\/\\\/staging.470.smartfire.me\\\/besoins\\\/vector-3\\\/&quot;,&quot;alt&quot;:&quot;&quot;,&quot;author&quot;:&quot;5&quot;,&quot;description&quot;:&quot;&quot;,&quot;caption&quot;:&quot;&quot;,&quot;name&quot;:&quot;vector-3&quot;,&quot;status&quot;:&quot;inherit&quot;,&quot;modified&quot;:1672844542000,&quot;mime&quot;:&quot;image\\\/svg+xml&quot;,&quot;type&quot;:&quot;image&quot;,&quot;subtype&quot;:&quot;svg+xml&quot;,&quot;icon&quot;:&quot;https:\\\/\\\/staging.470.smartfire.me\\\/wp-includes\\\/images\\\/media\\\/default.png&quot;,&quot;dateFormatted&quot;:&quot;4 janvier 2023&quot;,&quot;nonces&quot;:{&quot;update&quot;:&quot;8416d0e757&quot;,&quot;delete&quot;:&quot;13caa05f18&quot;,&quot;edit&quot;:&quot;f4c7f7213c&quot;},&quot;editLink&quot;:&quot;https:\\\/\\\/staging.470.smartfire.me\\\/wp-admin\\\/post.php?post=153&amp;action=edit&amp;lang=fr&quot;,&quot;meta&quot;:false,&quot;authorName&quot;:&quot;Arthur Raynal&quot;,&quot;authorLink&quot;:&quot;https:\\\/\\\/staging.470.smartfire.me\\\/wp-admin\\\/profile.php&quot;,&quot;uploadedToTitle&quot;:&quot;Besoins&quot;,&quot;uploadedToLink&quot;:&quot;https:\\\/\\\/staging.470.smartfire.me\\\/wp-admin\\\/post.php?post=105&amp;action=edit&amp;lang=fr&quot;,&quot;filesizeInBytes&quot;:9767,&quot;filesizeHumanReadable&quot;:&quot;10 Ko&quot;,&quot;context&quot;:&quot;&quot;,&quot;sizes&quot;:{&quot;full&quot;:{&quot;url&quot;:&quot;https:\\\/\\\/staging.470.smartfire.me\\\/wp-content\\\/uploads\\\/2023\\\/01\\\/Vector-3.svg&quot;}},&quot;compat&quot;:{&quot;item&quot;:&quot;&quot;,&quot;meta&quot;:&quot;&quot;}},&quot;video&quot;:{&quot;url&quot;:&quot;https:\\\/\\\/www.youtube.com\\\/watch?v=giy-EeCLqWs&quot;},&quot;isInternal&quot;:false,&quot;isReversed&quot;:false}\">\n    \n\n<h3 class=\"wp-block-heading\">Vivez la meilleure exp\u00e9rience de t\u00e9l\u00e9travail.<\/h3>\n\n\n\n<p>Nos experts et ost\u00e9opathes partenaires en attestent, utiliser un bras de moniteur \u00e0 la maison contribue \u00e0 une diminution de 72% des troubles lombaires.<\/p>\n\n\n<\/smartfire-component>\n\n<smartfire-component name='spacer' attributes=\"{&quot;height&quot;:50,&quot;mobileHeight&quot;:30}\"><\/smartfire-component>","protected":false},"excerpt":{"rendered":"","protected":false},"author":13,"featured_media":0,"parent":105,"menu_order":0,"comment_status":"closed","ping_status":"closed","template":"","meta":{"_acf_changed":false,"footnotes":""},"class_list":["post-881","page","type-page","status-publish","hentry"],"acf":[],"yoast_head":"<!-- This site is optimized with the Yoast SEO plugin v25.5 - https:\/\/yoast.com\/wordpress\/plugins\/seo\/ -->\n<title>Renouvelez votre parc informatique avec nos solutions | Fellowes<\/title>\n<meta name=\"description\" content=\"Renouvelez votre parc informatique avec nos solutions pour supports d&#039;\u00e9cran et bras articul\u00e9, pour am\u00e9liorer le bien-\u00eatre au travail\" \/>\n<meta name=\"robots\" content=\"index, follow, max-snippet:-1, max-image-preview:large, max-video-preview:-1\" \/>\n<link rel=\"canonical\" href=\"https:\/\/www.lyreco-solutions.fr\/bras\/solutions\/vous-souhaitez-renouveler-votre-parc-informatique\/\" \/>\n<meta property=\"og:locale\" content=\"fr_FR\" \/>\n<meta property=\"og:type\" content=\"article\" \/>\n<meta property=\"og:title\" content=\"Renouvelez votre parc informatique avec nos solutions | Fellowes\" \/>\n<meta property=\"og:description\" content=\"Renouvelez votre parc informatique avec nos solutions pour supports d&#039;\u00e9cran et bras articul\u00e9, pour am\u00e9liorer le bien-\u00eatre au travail\" \/>\n<meta property=\"og:url\" content=\"https:\/\/www.lyreco-solutions.fr\/bras\/solutions\/vous-souhaitez-renouveler-votre-parc-informatique\/\" \/>\n<meta property=\"og:site_name\" content=\"Fellowes - Lyreco - Bras\" \/>\n<meta property=\"article:modified_time\" content=\"2025-08-26T08:32:11+00:00\" \/>\n<meta name=\"twitter:card\" content=\"summary_large_image\" \/>\n<meta name=\"twitter:label1\" content=\"Est. reading time\" \/>\n\t<meta name=\"twitter:data1\" content=\"1 minute\" \/>\n<script type=\"application\/ld+json\" class=\"yoast-schema-graph\">{\"@context\":\"https:\/\/schema.org\",\"@graph\":[{\"@type\":\"WebPage\",\"@id\":\"https:\/\/www.lyreco-solutions.fr\/bras\/solutions\/vous-souhaitez-renouveler-votre-parc-informatique\/\",\"url\":\"https:\/\/www.lyreco-solutions.fr\/bras\/solutions\/vous-souhaitez-renouveler-votre-parc-informatique\/\",\"name\":\"Renouvelez votre parc informatique avec nos solutions | Fellowes\",\"isPartOf\":{\"@id\":\"https:\/\/www.lyreco-solutions.fr\/bras\/#website\"},\"datePublished\":\"2023-04-03T09:36:57+00:00\",\"dateModified\":\"2025-08-26T08:32:11+00:00\",\"description\":\"Renouvelez votre parc informatique avec nos solutions pour supports d'\u00e9cran et bras articul\u00e9, pour am\u00e9liorer le bien-\u00eatre au travail\",\"breadcrumb\":{\"@id\":\"https:\/\/www.lyreco-solutions.fr\/bras\/solutions\/vous-souhaitez-renouveler-votre-parc-informatique\/#breadcrumb\"},\"inLanguage\":\"fr-FR\",\"potentialAction\":[{\"@type\":\"ReadAction\",\"target\":[\"https:\/\/www.lyreco-solutions.fr\/bras\/solutions\/vous-souhaitez-renouveler-votre-parc-informatique\/\"]}]},{\"@type\":\"BreadcrumbList\",\"@id\":\"https:\/\/www.lyreco-solutions.fr\/bras\/solutions\/vous-souhaitez-renouveler-votre-parc-informatique\/#breadcrumb\",\"itemListElement\":[{\"@type\":\"ListItem\",\"position\":1,\"name\":\"Home\",\"item\":\"https:\/\/www.lyreco-solutions.fr\/bras\/\"},{\"@type\":\"ListItem\",\"position\":2,\"name\":\"Solutions\",\"item\":\"https:\/\/www.lyreco-solutions.fr\/bras\/solutions\/\"},{\"@type\":\"ListItem\",\"position\":3,\"name\":\"Vous souhaitez renouveler votre parc informatique\"}]},{\"@type\":\"WebSite\",\"@id\":\"https:\/\/www.lyreco-solutions.fr\/bras\/#website\",\"url\":\"https:\/\/www.lyreco-solutions.fr\/bras\/\",\"name\":\"Fellowes - Lyreco - Bras\",\"description\":\"Machines de Bureaux &amp; Environnement du bureau\",\"potentialAction\":[{\"@type\":\"SearchAction\",\"target\":{\"@type\":\"EntryPoint\",\"urlTemplate\":\"https:\/\/www.lyreco-solutions.fr\/bras\/?s={search_term_string}\"},\"query-input\":{\"@type\":\"PropertyValueSpecification\",\"valueRequired\":true,\"valueName\":\"search_term_string\"}}],\"inLanguage\":\"fr-FR\"}]}<\/script>\n<!-- \/ Yoast SEO plugin. -->","yoast_head_json":{"title":"Renouvelez votre parc informatique avec nos solutions | Fellowes","description":"Renouvelez votre parc informatique avec nos solutions pour supports d'\u00e9cran et bras articul\u00e9, pour am\u00e9liorer le bien-\u00eatre au travail","robots":{"index":"index","follow":"follow","max-snippet":"max-snippet:-1","max-image-preview":"max-image-preview:large","max-video-preview":"max-video-preview:-1"},"canonical":"https:\/\/www.lyreco-solutions.fr\/bras\/solutions\/vous-souhaitez-renouveler-votre-parc-informatique\/","og_locale":"fr_FR","og_type":"article","og_title":"Renouvelez votre parc informatique avec nos solutions | Fellowes","og_description":"Renouvelez votre parc informatique avec nos solutions pour supports d'\u00e9cran et bras articul\u00e9, pour am\u00e9liorer le bien-\u00eatre au travail","og_url":"https:\/\/www.lyreco-solutions.fr\/bras\/solutions\/vous-souhaitez-renouveler-votre-parc-informatique\/","og_site_name":"Fellowes - Lyreco - Bras","article_modified_time":"2025-08-26T08:32:11+00:00","twitter_card":"summary_large_image","twitter_misc":{"Est. reading time":"1 minute"},"schema":{"@context":"https:\/\/schema.org","@graph":[{"@type":"WebPage","@id":"https:\/\/www.lyreco-solutions.fr\/bras\/solutions\/vous-souhaitez-renouveler-votre-parc-informatique\/","url":"https:\/\/www.lyreco-solutions.fr\/bras\/solutions\/vous-souhaitez-renouveler-votre-parc-informatique\/","name":"Renouvelez votre parc informatique avec nos solutions | Fellowes","isPartOf":{"@id":"https:\/\/www.lyreco-solutions.fr\/bras\/#website"},"datePublished":"2023-04-03T09:36:57+00:00","dateModified":"2025-08-26T08:32:11+00:00","description":"Renouvelez votre parc informatique avec nos solutions pour supports d'\u00e9cran et bras articul\u00e9, pour am\u00e9liorer le bien-\u00eatre au travail","breadcrumb":{"@id":"https:\/\/www.lyreco-solutions.fr\/bras\/solutions\/vous-souhaitez-renouveler-votre-parc-informatique\/#breadcrumb"},"inLanguage":"fr-FR","potentialAction":[{"@type":"ReadAction","target":["https:\/\/www.lyreco-solutions.fr\/bras\/solutions\/vous-souhaitez-renouveler-votre-parc-informatique\/"]}]},{"@type":"BreadcrumbList","@id":"https:\/\/www.lyreco-solutions.fr\/bras\/solutions\/vous-souhaitez-renouveler-votre-parc-informatique\/#breadcrumb","itemListElement":[{"@type":"ListItem","position":1,"name":"Home","item":"https:\/\/www.lyreco-solutions.fr\/bras\/"},{"@type":"ListItem","position":2,"name":"Solutions","item":"https:\/\/www.lyreco-solutions.fr\/bras\/solutions\/"},{"@type":"ListItem","position":3,"name":"Vous souhaitez renouveler votre parc informatique"}]},{"@type":"WebSite","@id":"https:\/\/www.lyreco-solutions.fr\/bras\/#website","url":"https:\/\/www.lyreco-solutions.fr\/bras\/","name":"Fellowes - Lyreco - Bras","description":"Machines de Bureaux &amp; Environnement du bureau","potentialAction":[{"@type":"SearchAction","target":{"@type":"EntryPoint","urlTemplate":"https:\/\/www.lyreco-solutions.fr\/bras\/?s={search_term_string}"},"query-input":{"@type":"PropertyValueSpecification","valueRequired":true,"valueName":"search_term_string"}}],"inLanguage":"fr-FR"}]}},"_links":{"self":[{"href":"https:\/\/www.lyreco-solutions.fr\/bras\/wp-json\/wp\/v2\/pages\/881","targetHints":{"allow":["GET"]}}],"collection":[{"href":"https:\/\/www.lyreco-solutions.fr\/bras\/wp-json\/wp\/v2\/pages"}],"about":[{"href":"https:\/\/www.lyreco-solutions.fr\/bras\/wp-json\/wp\/v2\/types\/page"}],"author":[{"embeddable":true,"href":"https:\/\/www.lyreco-solutions.fr\/bras\/wp-json\/wp\/v2\/users\/13"}],"replies":[{"embeddable":true,"href":"https:\/\/www.lyreco-solutions.fr\/bras\/wp-json\/wp\/v2\/comments?post=881"}],"version-history":[{"count":17,"href":"https:\/\/www.lyreco-solutions.fr\/bras\/wp-json\/wp\/v2\/pages\/881\/revisions"}],"predecessor-version":[{"id":1535,"href":"https:\/\/www.lyreco-solutions.fr\/bras\/wp-json\/wp\/v2\/pages\/881\/revisions\/1535"}],"up":[{"embeddable":true,"href":"https:\/\/www.lyreco-solutions.fr\/bras\/wp-json\/wp\/v2\/pages\/105"}],"wp:attachment":[{"href":"https:\/\/www.lyreco-solutions.fr\/bras\/wp-json\/wp\/v2\/media?parent=881"}],"curies":[{"name":"wp","href":"https:\/\/api.w.org\/{rel}","templated":true}]}}